{"id":7312,"date":"2013-05-04T19:04:13","date_gmt":"2013-05-04T17:04:13","guid":{"rendered":"http:\/\/www.fortuna-plauen.de\/blog\/?page_id=7312"},"modified":"2013-05-04T19:06:51","modified_gmt":"2013-05-04T17:06:51","slug":"stadionordnung","status":"publish","type":"page","link":"https:\/\/www.fortuna-plauen.de\/blog\/?page_id=7312","title":{"rendered":"Stadionordnung"},"content":{"rendered":"<h1 style=\"text-align: center;\">Stadionordnung f\u00fcr das Gel\u00e4nde des FC Fortuna Plauen<\/h1>\n<h1>\u00a7 1 Geltungsbereich<\/h1>\n<p>Diese Benutzungsordnung gilt f\u00fcr den umfriedeten Bereich des Stadions.<\/p>\n<h1>\u00a7 2 Widmung<\/h1>\n<p>1. Das Stadion dient vornehmlich der Durchf\u00fchrung von Sportveranstaltungen. Dar\u00fcber hinaus k\u00f6nnen im Einzelfall geeignete Veranstaltungen nichtsportlicher Art zugelassen werden.<br \/>\n2. Die im Einzelfall abzuschlie\u00dfende Vertr\u00e4ge \u00fcber die Benutzung des Stadions richten sich nach b\u00fcrgerlichem Recht.<\/p>\n<p>3. \u00dcber die \u00dcberlassung entscheidet der FC Fortuna Plauen.<\/p>\n<h1>\u00a7 3 Aufenthalt<\/h1>\n<p>In den Versammlungsst\u00e4tten und Anlagen des Stadions d\u00fcrfen sich nur Personen aufhalten, die eine g\u00fcltige Eintrittskarte oder einen sonstigen Berechtigungsschein mit sich f\u00fchren oder die ihre Aufenthaltsberechtigung f\u00fcr dies Veranstaltung auf eine andere Art nachweisen k\u00f6nnen. Die Aufenthaltsberechtigung ist innerhalb der Stadionlage auf Verlangen der Polizei oder der Kontroll- und Ordnungsdienste entweder durch Vorlage der Eintrittskarte, eines sonstigen Berechtigungsausweises auf andere Art nachzuweisen.<\/p>\n<h1>\u00a7 4<\/h1>\n<p>1. Der Kontroll- und Ordnungsdienst und die Polizei sind berechtigt, Personen- auch durch Einsatz technischer Hilfsmittel darauf zu untersuchen, ob sie aufgrund von Alkohol- oder Drogenkonsum oder wegen Mitf\u00fchrens von Waffen oder von gef\u00e4hrlichen oder feuergef\u00e4hrlichen Sachen ein Sicherheitsrisiko darstellen.<\/p>\n<p>2. Personen, die ihre Aufenthaltsberechtigung nicht nachweisen k\u00f6nnen und Personen, die ein Sicherheitsrisiko darstellen, sind zur\u00fcckzuweisen und am Betreten des Stadions zu hindern. Dasselbe gilt f\u00fcr Personen, gegen die innerhalb der BRD ein Stadionverbot ausgesprochen worden ist. Ein Anspruch auf Erstattung des Eintrittsgeldes besteht nicht.<\/p>\n<h1>\u00a7 5<\/h1>\n<p>Besucher haben den Anforderungen der Polizei, Feuerwehr, dem Kontroll- und Ordnungsdienst sowie des Rettungsdienstes und des Stadionsprechers Folge zu leisten.<\/p>\n<h1>\u00a7 6 Verbote<\/h1>\n<p>1. Verboten ist den Besuchern des Stadions das Mitf\u00fchren von<br \/>\na) Waffen jeder Art, Schutzwaffen oder Gegenst\u00e4nden, die dazu geeignet und bestimmt sind<br \/>\nb) Sachen, die als Waffen oder Wurfgeschosse Verwendung finden k\u00f6nnen<br \/>\nc) Gasspr\u00fchdosen, \u00e4tzend oder f\u00e4rbenden Substanzen<br \/>\nd) Flaschen, Becher, Kr\u00fcge oder Dosen, die aus zerbrechlichem, splitterndem oder besonders hartem Material hergestellt sind<br \/>\ne) sperrige Gegenst\u00e4nde, wie Leitern, Hocker, St\u00fchle, Kisten, Reisekoffer<br \/>\nf) Feuerwerksk\u00f6rper, Leuchtkugeln und andere pyrotechnische Gegenst\u00e4nde<br \/>\ng) Fahnen- oder Transparentstangen, die l\u00e4nger als 3 Meter sind und deren Durchmesser gr\u00f6\u00dfer als 3 Zentimeter ist<br \/>\nh) mechanisch betriebene L\u00e4rminstrumenten<br \/>\ni) alkoholischen Getr\u00e4nken aller Art<br \/>\nj) Tieren<\/p>\n<p>2. Verboten ist den Besuchern weiterhin<br \/>\na) Bereiche, die nicht f\u00fcr Besucher zugelassen sind (z.B. das Spielfeld, den Innenraum, die Funktionsr\u00e4ume) zu betreten<br \/>\nb) ohne Erlaubnis des Veranstalters Waren und Eintrittskarten zu verkaufen, Drucksachen zu verteilen und Sammlungen durchzuf\u00fchren<br \/>\nc) bauliche Anlagen, Einrichtungen oder Wege zu beschriften, zu bemalen oder zu bekleben<br \/>\nd) au\u00dferhalb der Toiletten die Notdurft zu verrichten oder das Stadion in anderer Weise insbesondere durch das Wegwerfen von Sachen zu verunreinigen<br \/>\ne) \u00dcbersteigen bzw. Beklettern von Z\u00e4unen und Sicherheitseinrichtungen<\/p>\n<h1>\u00a7 7 Haftung<\/h1>\n<p>1. Das Betreten und Benutzen des Stadions erfolgt auf eigene Gefahr. F\u00fcr Personen- und Sachsch\u00e4den, die durch Dritte verursacht wurden, haftet der FC Fortuna Plauen nicht.<\/p>\n<p>2. Unf\u00e4lle oder sind dem FC Fortuna Plauen unverz\u00fcglich zu melden.<\/p>\n<h1>\u00a7 8 Hausrecht<\/h1>\n<p>1. Das Hausrecht \u00fcbt der FC Fortuna Plauen aus. Er kann dieses Recht auf den jeweiligen Veranstalter \u00fcbertragen. Die Aus\u00fcbung des Hausrechtes wurde ebenfalls der Polizei \u00fcbertragen.<br \/>\n2. Der FC Fortuna Plauen und der Inhaber des Hausrechts k\u00f6nnen Personen, die gegen die Vorschriften dieser Benutzerordnung versto\u00dfen, ohne Entsch\u00e4digung aus dem Stadion verweisen und mit einem Stadionverbot belegen.<br \/>\n3. Besteht der Verdacht einer strafbaren Handlung oder einer sonstigen Ordnungswidrigkeit, so wird Anzeige erstattet.<\/p>\n<h1>\u00a7 9 Inkrafttreten<\/h1>\n<p>Diese Benutzerordnung tritt am 01.07.2001 in Kraft<\/p>\n","protected":false},"excerpt":{"rendered":"<p>Stadionordnung f\u00fcr das Gel\u00e4nde des FC Fortuna Plauen \u00a7 1 Geltungsbereich Diese Benutzungsordnung gilt f\u00fcr den umfriedeten Bereich des Stadions. \u00a7 2 Widmung 1. Das Stadion dient vornehmlich der Durchf\u00fchrung von Sportveranstaltungen. Dar\u00fcber hinaus k\u00f6nnen im Einzelfall geeignete Veranstaltungen nichtsportlicher Art zugelassen werden. 2. Die im Einzelfall abzuschlie\u00dfende Vertr\u00e4ge \u00fcber die Benutzung des Stadions richten [&hellip;]<\/p>\n","protected":false},"author":23,"featured_media":0,"parent":7293,"menu_order":0,"comment_status":"open","ping_status":"open","template":"","meta":{"ngg_post_thumbnail":0,"footnotes":""},"class_list":["post-7312","page","type-page","status-publish","hentry"],"_links":{"self":[{"href":"https:\/\/www.fortuna-plauen.de\/blog\/index.php?rest_route=\/wp\/v2\/pages\/7312","targetHints":{"allow":["GET"]}}],"collection":[{"href":"https:\/\/www.fortuna-plauen.de\/blog\/index.php?rest_route=\/wp\/v2\/pages"}],"about":[{"href":"https:\/\/www.fortuna-plauen.de\/blog\/index.php?rest_route=\/wp\/v2\/types\/page"}],"author":[{"embeddable":true,"href":"https:\/\/www.fortuna-plauen.de\/blog\/index.php?rest_route=\/wp\/v2\/users\/23"}],"replies":[{"embeddable":true,"href":"https:\/\/www.fortuna-plauen.de\/blog\/index.php?rest_route=%2Fwp%2Fv2%2Fcomments&post=7312"}],"version-history":[{"count":6,"href":"https:\/\/www.fortuna-plauen.de\/blog\/index.php?rest_route=\/wp\/v2\/pages\/7312\/revisions"}],"predecessor-version":[{"id":7318,"href":"https:\/\/www.fortuna-plauen.de\/blog\/index.php?rest_route=\/wp\/v2\/pages\/7312\/revisions\/7318"}],"up":[{"embeddable":true,"href":"https:\/\/www.fortuna-plauen.de\/blog\/index.php?rest_route=\/wp\/v2\/pages\/7293"}],"wp:attachment":[{"href":"https:\/\/www.fortuna-plauen.de\/blog\/index.php?rest_route=%2Fwp%2Fv2%2Fmedia&parent=7312"}],"curies":[{"name":"wp","href":"https:\/\/api.w.org\/{rel}","templated":true}]}}