{"id":9846,"date":"2017-06-28T16:57:37","date_gmt":"2017-06-28T14:57:37","guid":{"rendered":"http:\/\/www.fortuna-plauen.de\/blog\/?page_id=9846"},"modified":"2025-12-15T16:14:03","modified_gmt":"2025-12-15T15:14:03","slug":"2mannschaft","status":"publish","type":"page","link":"https:\/\/www.fortuna-plauen.de\/blog\/?page_id=9846","title":{"rendered":"2 Mannschaft"},"content":{"rendered":"<p><script src=\"http:\/\/www.fussball.de\/static\/layout\/fbde2\/egm\/\/js\/widget2.js\" type=\"text\/javascript\">\/\/ <![CDATA[\n\n\/\/ ]]><\/script><img loading=\"lazy\" decoding=\"async\" class=\"wp-image-10381 aligncenter\" src=\"https:\/\/www.fortuna-plauen.de\/blog\/wp-content\/uploads\/2025\/12\/Unbenannt-1-300x169.jpg\" alt=\"\" width=\"705\" height=\"397\" srcset=\"https:\/\/www.fortuna-plauen.de\/blog\/wp-content\/uploads\/2025\/12\/Unbenannt-1-300x169.jpg 300w, https:\/\/www.fortuna-plauen.de\/blog\/wp-content\/uploads\/2025\/12\/Unbenannt-1-768x431.jpg 768w, https:\/\/www.fortuna-plauen.de\/blog\/wp-content\/uploads\/2025\/12\/Unbenannt-1-640x360.jpg 640w, https:\/\/www.fortuna-plauen.de\/blog\/wp-content\/uploads\/2025\/12\/Unbenannt-1-150x84.jpg 150w, https:\/\/www.fortuna-plauen.de\/blog\/wp-content\/uploads\/2025\/12\/Unbenannt-1-100x56.jpg 100w, https:\/\/www.fortuna-plauen.de\/blog\/wp-content\/uploads\/2025\/12\/Unbenannt-1-50x28.jpg 50w, https:\/\/www.fortuna-plauen.de\/blog\/wp-content\/uploads\/2025\/12\/Unbenannt-1-25x14.jpg 25w, https:\/\/www.fortuna-plauen.de\/blog\/wp-content\/uploads\/2025\/12\/Unbenannt-1-570x320.jpg 570w, https:\/\/www.fortuna-plauen.de\/blog\/wp-content\/uploads\/2025\/12\/Unbenannt-1-160x90.jpg 160w, https:\/\/www.fortuna-plauen.de\/blog\/wp-content\/uploads\/2025\/12\/Unbenannt-1.jpg 890w\" sizes=\"auto, (max-width: 705px) 100vw, 705px\" \/><\/p>\n<div>&nbsp;<\/div>\n<div>\n<div class=\"moz-signature\">2. Mannschaft<\/div>\n<div class=\"moz-signature\">&nbsp;<\/div>\n<div class=\"moz-signature\"><u>Sommer<\/u><\/div>\n<div class=\"moz-signature\">&nbsp;<\/div>\n<div class=\"moz-signature\">Wann? Freitag 16:30-18:00<\/div>\n<div class=\"moz-signature\">Wo?&nbsp;Fortuna Sportplatz am Chrieschwitzer Hang<\/div>\n<div class=\"moz-signature\">&nbsp;<\/div>\n<div class=\"moz-signature\">Winter<\/div>\n<div class=\"moz-signature\">&nbsp;<\/div>\n<div class=\"moz-signature\">\n<div class=\"moz-signature\">Wann? Dienstag 18:45-20:15&nbsp;<\/div>\n<div class=\"moz-signature\">Wo? Atlas Sporthalle, Neundorf Kasernenstar\u00dfe&nbsp;<\/div>\n<\/div>\n<\/div>\n<div id=\"widget1\">&nbsp;<\/div>\n<div>&nbsp;<\/div>\n<div><b>Trainer: Marcel S\u00fc\u00df<\/b><\/div>\n<p><script type=\"text\/javascript\">\/\/ <![CDATA[\nnew fussballdeWidgetAPI().showWidget('widget1', '020EMQMU4S000000VS541L4HVV0NA257');\n\/\/ ]]><\/script><\/p>\n","protected":false},"excerpt":{"rendered":"<p>&nbsp; 2. Mannschaft &nbsp; Sommer &nbsp; Wann? Freitag 16:30-18:00 Wo?&nbsp;Fortuna Sportplatz am Chrieschwitzer Hang &nbsp; Winter &nbsp; Wann? Dienstag 18:45-20:15&nbsp; Wo? Atlas Sporthalle, Neundorf Kasernenstar\u00dfe&nbsp; &nbsp; &nbsp; Trainer: Marcel S\u00fc\u00df<\/p>\n","protected":false},"author":25,"featured_media":0,"parent":0,"menu_order":6,"comment_status":"closed","ping_status":"closed","template":"","meta":{"ngg_post_thumbnail":0,"footnotes":""},"class_list":["post-9846","page","type-page","status-publish","hentry"],"_links":{"self":[{"href":"https:\/\/www.fortuna-plauen.de\/blog\/index.php?rest_route=\/wp\/v2\/pages\/9846","targetHints":{"allow":["GET"]}}],"collection":[{"href":"https:\/\/www.fortuna-plauen.de\/blog\/index.php?rest_route=\/wp\/v2\/pages"}],"about":[{"href":"https:\/\/www.fortuna-plauen.de\/blog\/index.php?rest_route=\/wp\/v2\/types\/page"}],"author":[{"embeddable":true,"href":"https:\/\/www.fortuna-plauen.de\/blog\/index.php?rest_route=\/wp\/v2\/users\/25"}],"replies":[{"embeddable":true,"href":"https:\/\/www.fortuna-plauen.de\/blog\/index.php?rest_route=%2Fwp%2Fv2%2Fcomments&post=9846"}],"version-history":[{"count":9,"href":"https:\/\/www.fortuna-plauen.de\/blog\/index.php?rest_route=\/wp\/v2\/pages\/9846\/revisions"}],"predecessor-version":[{"id":10383,"href":"https:\/\/www.fortuna-plauen.de\/blog\/index.php?rest_route=\/wp\/v2\/pages\/9846\/revisions\/10383"}],"wp:attachment":[{"href":"https:\/\/www.fortuna-plauen.de\/blog\/index.php?rest_route=%2Fwp%2Fv2%2Fmedia&parent=9846"}],"curies":[{"name":"wp","href":"https:\/\/api.w.org\/{rel}","templated":true}]}}